{"id":1010,"date":"2024-09-10T12:07:07","date_gmt":"2024-09-10T10:07:07","guid":{"rendered":"https:\/\/alcobaca-caldas2024.aic-iac.org\/?page_id=1010"},"modified":"2024-09-12T14:32:28","modified_gmt":"2024-09-12T12:32:28","slug":"cultural-programme","status":"publish","type":"page","link":"http:\/\/alcobaca-caldas2024.aic-iac.org\/fr\/cultural-programme\/","title":{"rendered":"Programme culturel","raw":"Programme culturel"},"content":{"rendered":"<table style=\"border-collapse: collapse; width: 100%; height: 89px;\">\n<tbody>\n<tr>\n<td style=\"width: 50%;\" colspan=\"2\"><img loading=\"lazy\" decoding=\"async\" class=\"alignnone wp-image-1011 size-full\" src=\"http:\/\/alcobaca-caldas2024.aic-iac.org\/wp-content\/uploads\/sites\/7\/2024\/09\/CMB_201500313_121541-scaled.jpg\" alt=\"\" width=\"2560\" height=\"1706\" srcset=\"http:\/\/alcobaca-caldas2024.aic-iac.org\/wp-content\/uploads\/sites\/7\/2024\/09\/CMB_201500313_121541-scaled.jpg 2560w, http:\/\/alcobaca-caldas2024.aic-iac.org\/wp-content\/uploads\/sites\/7\/2024\/09\/CMB_201500313_121541-300x200.jpg 300w, http:\/\/alcobaca-caldas2024.aic-iac.org\/wp-content\/uploads\/sites\/7\/2024\/09\/CMB_201500313_121541-1024x683.jpg 1024w, http:\/\/alcobaca-caldas2024.aic-iac.org\/wp-content\/uploads\/sites\/7\/2024\/09\/CMB_201500313_121541-768x512.jpg 768w, http:\/\/alcobaca-caldas2024.aic-iac.org\/wp-content\/uploads\/sites\/7\/2024\/09\/CMB_201500313_121541-1536x1024.jpg 1536w, http:\/\/alcobaca-caldas2024.aic-iac.org\/wp-content\/uploads\/sites\/7\/2024\/09\/CMB_201500313_121541-2048x1365.jpg 2048w\" sizes=\"auto, (max-width: 2560px) 100vw, 2560px\" \/><\/td>\n<\/tr>\n<tr>\n<td style=\"width: 50%; background-color: #ffde88;\" colspan=\"2\">\n<h3>\u00a0<\/h3>\n<h3>Programme culturel<\/h3>\n<p>&nbsp;<\/p>\n<p>Parall\u00e8lement au programme de conf\u00e9rences, le Congr\u00e8s 2024 de l&rsquo;AIC accueillera un grand nombre d&rsquo;expositions et de visites culturelles. Vous trouverez ci-dessous des informations sur les Expositions du Congr\u00e8s, les Expositions satellites et les Sites culturels.<\/p>\n<p><span style=\"text-decoration: underline;\"><a href=\"http:\/\/alcobaca-caldas2024.aic-iac.org\/wp-content\/uploads\/sites\/7\/2024\/09\/AIC_BROCHURA_PROGRAMA_Versao_web_.pdf\" target=\"_blank\" rel=\"noopener\">&gt; T\u00e9l\u00e9charger le livret du Congr\u00e8s ICI &lt;<\/a><\/span><\/p>\n<\/td>\n<\/tr>\n<\/tbody>\n<\/table>\n","protected":false,"raw":"<table style=\"border-collapse: collapse; width: 100%; height: 89px;\">\r\n<tbody>\r\n<tr>\r\n<td style=\"width: 50%;\" colspan=\"2\"><img class=\"alignnone wp-image-1011 size-full\" src=\"http:\/\/alcobaca-caldas2024.aic-iac.org\/wp-content\/uploads\/sites\/7\/2024\/09\/CMB_201500313_121541-scaled.jpg\" alt=\"\" width=\"2560\" height=\"1706\" \/><\/td>\r\n<\/tr>\r\n<tr>\r\n<td style=\"width: 50%; background-color: #ffde88;\" colspan=\"2\">\r\n<h3>\u00a0<\/h3>\r\n<h3>Programme culturel<\/h3>\r\n<p>&nbsp;<\/p>\r\n<p>Parall\u00e8lement au programme de conf\u00e9rences, le Congr\u00e8s 2024 de l'AIC accueillera un grand nombre d'expositions et de visites culturelles. Vous trouverez ci-dessous des informations sur les Expositions du Congr\u00e8s, les Expositions satellites et les Sites culturels.<\/p>\r\n<p><span style=\"text-decoration: underline;\"><a href=\"http:\/\/alcobaca-caldas2024.aic-iac.org\/wp-content\/uploads\/sites\/7\/2024\/09\/AIC_BROCHURA_PROGRAMA_Versao_web_.pdf\" target=\"_blank\" rel=\"noopener\">&gt; T\u00e9l\u00e9charger le livret du Congr\u00e8s ICI &lt;<\/a><\/span><\/p>\r\n<\/td>\r\n<\/tr>\r\n<\/tbody>\r\n<\/table>"},"excerpt":{"rendered":"","protected":false,"raw":""},"author":2192,"featured_media":1011,"parent":0,"menu_order":0,"comment_status":"closed","ping_status":"closed","template":"","meta":{"_en_post_content":"<table style=\"border-collapse: collapse; width: 100%; height: 89px;\">\r\n<tbody>\r\n<tr>\r\n<td style=\"width: 50%;\" colspan=\"2\"><img class=\"alignnone wp-image-1011 size-full\" src=\"http:\/\/alcobaca-caldas2024.aic-iac.org\/wp-content\/uploads\/sites\/7\/2024\/09\/CMB_201500313_121541-scaled.jpg\" alt=\"\" width=\"2560\" height=\"1706\" \/><\/td>\r\n<\/tr>\r\n<tr>\r\n<td style=\"width: 50%; background-color: #ffde88;\" colspan=\"2\">\r\n<h3>\u00a0<\/h3>\r\n<h3>Cultural Programme<\/h3>\r\n<p>&nbsp;<\/p>\r\n<p>Alongside the conference programme, the 2024 IAC Congress will be host to a number of exhibitions and cultural visits. You can find information about the Congress Exhibitions, Satellite Exhibitions and Cultural Sites here below.<\/p>\r\n<p><span style=\"text-decoration: underline;\"><a href=\"http:\/\/alcobaca-caldas2024.aic-iac.org\/wp-content\/uploads\/sites\/7\/2024\/09\/AIC_BROCHURA_PROGRAMA_Versao_web_.pdf\" target=\"_blank\" rel=\"noopener\">&gt; DOWNLOAD the Congress booklet HERE &lt;<\/a><\/span><\/p>\r\n<\/td>\r\n<\/tr>\r\n<\/tbody>\r\n<\/table>","_en_post_name":"cultural-programme","_en_post_excerpt":"A rich cultural programme is planned alongside the conferences.","_en_post_title":"CULTURAL PROGRAMME","_fr_post_content":"<table style=\"border-collapse: collapse; width: 100%; height: 89px;\">\r\n<tbody>\r\n<tr>\r\n<td style=\"width: 50%;\" colspan=\"2\"><img class=\"alignnone wp-image-1011 size-full\" src=\"http:\/\/alcobaca-caldas2024.aic-iac.org\/wp-content\/uploads\/sites\/7\/2024\/09\/CMB_201500313_121541-scaled.jpg\" alt=\"\" width=\"2560\" height=\"1706\" \/><\/td>\r\n<\/tr>\r\n<tr>\r\n<td style=\"width: 50%; background-color: #ffde88;\" colspan=\"2\">\r\n<h3>\u00a0<\/h3>\r\n<h3>Programme culturel<\/h3>\r\n<p>&nbsp;<\/p>\r\n<p>Parall\u00e8lement au programme de conf\u00e9rences, le Congr\u00e8s 2024 de l'AIC accueillera un grand nombre d'expositions et de visites culturelles. Vous trouverez ci-dessous des informations sur les Expositions du Congr\u00e8s, les Expositions satellites et les Sites culturels.<\/p>\r\n<p><span style=\"text-decoration: underline;\"><a href=\"http:\/\/alcobaca-caldas2024.aic-iac.org\/wp-content\/uploads\/sites\/7\/2024\/09\/AIC_BROCHURA_PROGRAMA_Versao_web_.pdf\" target=\"_blank\" rel=\"noopener\">&gt; T\u00e9l\u00e9charger le livret du Congr\u00e8s ICI &lt;<\/a><\/span><\/p>\r\n<\/td>\r\n<\/tr>\r\n<\/tbody>\r\n<\/table>","_fr_post_name":"cultural-programme","_fr_post_excerpt":"","_fr_post_title":"Programme culturel","_pt_post_content":"","_pt_post_name":"","_pt_post_excerpt":"","_pt_post_title":"","edit_language":"fr","footnotes":""},"class_list":["post-1010","page","type-page","status-publish","has-post-thumbnail","hentry"],"_links":{"self":[{"href":"http:\/\/alcobaca-caldas2024.aic-iac.org\/fr\/wp-json\/wp\/v2\/pages\/1010","targetHints":{"allow":["GET"]}}],"collection":[{"href":"http:\/\/alcobaca-caldas2024.aic-iac.org\/fr\/wp-json\/wp\/v2\/pages"}],"about":[{"href":"http:\/\/alcobaca-caldas2024.aic-iac.org\/fr\/wp-json\/wp\/v2\/types\/page"}],"author":[{"embeddable":true,"href":"http:\/\/alcobaca-caldas2024.aic-iac.org\/fr\/wp-json\/wp\/v2\/users\/2192"}],"replies":[{"embeddable":true,"href":"http:\/\/alcobaca-caldas2024.aic-iac.org\/fr\/wp-json\/wp\/v2\/comments?post=1010"}],"version-history":[{"count":7,"href":"http:\/\/alcobaca-caldas2024.aic-iac.org\/fr\/wp-json\/wp\/v2\/pages\/1010\/revisions"}],"predecessor-version":[{"id":1139,"href":"http:\/\/alcobaca-caldas2024.aic-iac.org\/fr\/wp-json\/wp\/v2\/pages\/1010\/revisions\/1139"}],"wp:featuredmedia":[{"embeddable":true,"href":"http:\/\/alcobaca-caldas2024.aic-iac.org\/fr\/wp-json\/wp\/v2\/media\/1011"}],"wp:attachment":[{"href":"http:\/\/alcobaca-caldas2024.aic-iac.org\/fr\/wp-json\/wp\/v2\/media?parent=1010"}],"curies":[{"name":"wp","href":"https:\/\/api.w.org\/{rel}","templated":true}]}}