{"id":1127,"date":"2024-09-12T14:24:43","date_gmt":"2024-09-12T12:24:43","guid":{"rendered":"https:\/\/alcobaca-caldas2024.aic-iac.org\/?page_id=1127"},"modified":"2024-09-12T14:33:15","modified_gmt":"2024-09-12T12:33:15","slug":"","status":"publish","type":"page","link":"https:\/\/alcobaca-caldas2024.aic-iac.org\/pt\/lectures\/","title":{"rendered":"","raw":""},"content":{"rendered":"","protected":false,"raw":""},"excerpt":{"rendered":"","protected":false,"raw":""},"author":2192,"featured_media":1129,"parent":0,"menu_order":0,"comment_status":"closed","ping_status":"closed","template":"","meta":{"_en_post_content":"<table style=\"border-collapse: collapse; width: 100%; height: 89px;\">\r\n<tbody>\r\n<tr>\r\n<td style=\"width: 50%;\" colspan=\"2\"><img class=\"alignnone wp-image-1129 size-full\" src=\"http:\/\/alcobaca-caldas2024.aic-iac.org\/wp-content\/uploads\/sites\/7\/2024\/09\/CMB_201500313_121558-scaled.jpg\" alt=\"\" width=\"2560\" height=\"1706\" \/><\/td>\r\n<\/tr>\r\n<tr>\r\n<td style=\"width: 50%; background-color: #ffde88;\" colspan=\"2\">\r\n<h3>\u00a0<\/h3>\r\n<h3>Lectures<\/h3>\r\n<p>&nbsp;<\/p>\r\n<p>The 2024 IAC Congress offers a variety of presentation formats designed to stimulate and enhance the exchange of ideas. From dynamic panel discussions and concise member-led presentations to various other interactive formats, each session is carefully crafted to explore the Congress' central theme, \"Ceramics in the Mediterranean World: From Antiquity to Contemporaneity\", ensuring a thorough and engaging exploration that leaves no stone unturned.<\/p>\r\n<p><span style=\"text-decoration: underline;\"><a href=\"http:\/\/alcobaca-caldas2024.aic-iac.org\/wp-content\/uploads\/sites\/7\/2024\/09\/AIC_BROCHURA_PROGRAMA_Versao_web_.pdf\" target=\"_blank\" rel=\"noopener\">&gt; DOWNLOAD the Congress booklet HERE &lt;<\/a><\/span><\/p>\r\n<\/td>\r\n<\/tr>\r\n<\/tbody>\r\n<\/table>","_en_post_name":"lectures","_en_post_excerpt":"The 2024 IAC Congress offers a variety of presentation formats designed to stimulate and enhance the exchange of ideas.","_en_post_title":"LECTURES","_fr_post_content":"<table style=\"border-collapse: collapse; width: 100%; height: 89px;\">\r\n<tbody>\r\n<tr>\r\n<td style=\"width: 50%;\" colspan=\"2\"><img class=\"alignnone wp-image-1129 size-full\" src=\"http:\/\/alcobaca-caldas2024.aic-iac.org\/wp-content\/uploads\/sites\/7\/2024\/09\/CMB_201500313_121558-scaled.jpg\" alt=\"\" width=\"2560\" height=\"1706\" \/><\/td>\r\n<\/tr>\r\n<tr>\r\n<td style=\"width: 50%; background-color: #ffde88;\" colspan=\"2\">\r\n<h3>\u00a0<\/h3>\r\n<h3>Conf\u00e9rences<\/h3>\r\n<p>&nbsp;<\/p>\r\n<p>Le Congr\u00e8s 2024 de l'AIC propose une vari\u00e9t\u00e9 de formats de pr\u00e9sentation con\u00e7us pour stimuler et favoriser l'\u00e9change d'id\u00e9es. Qu'il s'agisse de d\u00e9bats d'experts dynamiques, de pr\u00e9sentations concises men\u00e9es par les membres ou de divers autres formats interactifs, chaque session est soigneusement con\u00e7ue pour explorer le th\u00e8me central du congr\u00e8s, \u00ab La c\u00e9ramique dans le monde m\u00e9diterran\u00e9en : De l'antiquit\u00e9 \u00e0 la contemporan\u00e9it\u00e9 \u00bb, garantissant une exploration approfondie et captivante qui ne laisse rien au hasard.<\/p>\r\n<p><span style=\"text-decoration: underline;\"><a href=\"http:\/\/alcobaca-caldas2024.aic-iac.org\/wp-content\/uploads\/sites\/7\/2024\/09\/AIC_BROCHURA_PROGRAMA_Versao_web_.pdf\" target=\"_blank\" rel=\"noopener\">&gt; T\u00e9l\u00e9charger le livret du Congr\u00e8s ICI &lt;<\/a><\/span><\/p>\r\n<\/td>\r\n<\/tr>\r\n<\/tbody>\r\n<\/table>","_fr_post_name":"conferences","_fr_post_excerpt":"Le Congr\u00e8s 2024 de l'AIC propose une vari\u00e9t\u00e9 de formats de pr\u00e9sentation con\u00e7us pour stimuler et favoriser l'\u00e9change d'id\u00e9es.","_fr_post_title":"CONF\u00c9RENCES","_pt_post_content":"","_pt_post_name":"","_pt_post_excerpt":"","_pt_post_title":"","edit_language":"pt","footnotes":""},"class_list":["post-1127","page","type-page","status-publish","has-post-thumbnail","hentry"],"_links":{"self":[{"href":"https:\/\/alcobaca-caldas2024.aic-iac.org\/pt\/wp-json\/wp\/v2\/pages\/1127","targetHints":{"allow":["GET"]}}],"collection":[{"href":"https:\/\/alcobaca-caldas2024.aic-iac.org\/pt\/wp-json\/wp\/v2\/pages"}],"about":[{"href":"https:\/\/alcobaca-caldas2024.aic-iac.org\/pt\/wp-json\/wp\/v2\/types\/page"}],"author":[{"embeddable":true,"href":"https:\/\/alcobaca-caldas2024.aic-iac.org\/pt\/wp-json\/wp\/v2\/users\/2192"}],"replies":[{"embeddable":true,"href":"https:\/\/alcobaca-caldas2024.aic-iac.org\/pt\/wp-json\/wp\/v2\/comments?post=1127"}],"version-history":[{"count":4,"href":"https:\/\/alcobaca-caldas2024.aic-iac.org\/pt\/wp-json\/wp\/v2\/pages\/1127\/revisions"}],"predecessor-version":[{"id":1141,"href":"https:\/\/alcobaca-caldas2024.aic-iac.org\/pt\/wp-json\/wp\/v2\/pages\/1127\/revisions\/1141"}],"wp:featuredmedia":[{"embeddable":true,"href":"https:\/\/alcobaca-caldas2024.aic-iac.org\/pt\/wp-json\/wp\/v2\/media\/1129"}],"wp:attachment":[{"href":"https:\/\/alcobaca-caldas2024.aic-iac.org\/pt\/wp-json\/wp\/v2\/media?parent=1127"}],"curies":[{"name":"wp","href":"https:\/\/api.w.org\/{rel}","templated":true}]}}