{"id":119,"date":"2024-04-17T15:15:21","date_gmt":"2024-04-17T13:15:21","guid":{"rendered":"https:\/\/alcobaca-caldas2024.aic-iac.org\/?page_id=119"},"modified":"2026-04-09T16:59:53","modified_gmt":"2026-04-09T14:59:53","slug":"planeie-a-sua-viagem","status":"publish","type":"page","link":"https:\/\/alcobaca-caldas2024.aic-iac.org\/pt\/planeie-a-sua-viagem\/","title":{"rendered":"Planeie a sua viagem","raw":"Planeie a sua viagem"},"content":{"rendered":"<table style=\"border-collapse: collapse; width: 100%; height: 89px;\">\n<tbody>\n<tr>\n<td style=\"width: 50%;\" colspan=\"2\"><img loading=\"lazy\" decoding=\"async\" class=\"alignnone wp-image-67 size-full\" src=\"http:\/\/alcobaca-caldas2024.aic-iac.org\/wp-content\/uploads\/sites\/7\/2024\/03\/CMB_201500313_121698.jpg\" alt=\"\" width=\"1536\" height=\"1024\" srcset=\"https:\/\/alcobaca-caldas2024.aic-iac.org\/wp-content\/uploads\/sites\/7\/2024\/03\/CMB_201500313_121698.jpg 1536w, https:\/\/alcobaca-caldas2024.aic-iac.org\/wp-content\/uploads\/sites\/7\/2024\/03\/CMB_201500313_121698-300x200.jpg 300w, https:\/\/alcobaca-caldas2024.aic-iac.org\/wp-content\/uploads\/sites\/7\/2024\/03\/CMB_201500313_121698-1024x683.jpg 1024w, https:\/\/alcobaca-caldas2024.aic-iac.org\/wp-content\/uploads\/sites\/7\/2024\/03\/CMB_201500313_121698-768x512.jpg 768w\" sizes=\"auto, (max-width: 1536px) 100vw, 1536px\" \/><\/td>\n<\/tr>\n<tr>\n<td style=\"width: 50%; background-color: #ffde88;\" colspan=\"2\">\n<h3>\u00a0<\/h3>\n<h3>Planeie a sua viagem<\/h3>\n<p>Nesta sec\u00e7\u00e3o, encontrar\u00e1 tudo o que precisa saber para marcar os seus voos, reservar o seu quarto de hotel e planear as suas noites.<\/p>\n<\/td>\n<\/tr>\n<tr>\n<td>\u00a0<\/td>\n<td>\u00a0<\/td>\n<\/tr>\n<\/tbody>\n<\/table>\n<p><iframe loading=\"lazy\" src=\"https:\/\/www.google.com\/maps\/d\/embed?mid=1g-NoUOG-E6CbujS9omb5f6USSx-OI48&amp;ehbc=2E312F\" width=\"640\" height=\"480\"><\/iframe><\/p>\n","protected":false,"raw":"<table style=\"border-collapse: collapse; width: 100%; height: 89px;\">\r\n<tbody>\r\n<tr>\r\n<td style=\"width: 50%;\" colspan=\"2\"><img class=\"alignnone wp-image-67 size-full\" src=\"http:\/\/alcobaca-caldas2024.aic-iac.org\/wp-content\/uploads\/sites\/7\/2024\/03\/CMB_201500313_121698.jpg\" alt=\"\" width=\"1536\" height=\"1024\" \/><\/td>\r\n<\/tr>\r\n<tr>\r\n<td style=\"width: 50%; background-color: #ffde88;\" colspan=\"2\">\r\n<h3>\u00a0<\/h3>\r\n<h3>Planeie a sua viagem<\/h3>\r\n<p>Nesta sec\u00e7\u00e3o, encontrar\u00e1 tudo o que precisa saber para marcar os seus voos, reservar o seu quarto de hotel e planear as suas noites.<\/p>\r\n<\/td>\r\n<\/tr>\r\n<tr>\r\n<td>\u00a0<\/td>\r\n<td>\u00a0<\/td>\r\n<\/tr>\r\n<\/tbody>\r\n<\/table>\r\n<p><iframe src=\"https:\/\/www.google.com\/maps\/d\/embed?mid=1g-NoUOG-E6CbujS9omb5f6USSx-OI48&amp;ehbc=2E312F\" width=\"640\" height=\"480\"><\/iframe><\/p>"},"excerpt":{"rendered":"","protected":false,"raw":""},"author":2192,"featured_media":67,"parent":0,"menu_order":0,"comment_status":"closed","ping_status":"closed","template":"","meta":{"_en_post_content":"<table style=\"border-collapse: collapse; width: 100%; height: 89px;\">\r\n<tbody>\r\n<tr>\r\n<td style=\"width: 50%;\" colspan=\"2\"><img class=\"alignnone wp-image-67 size-full\" src=\"http:\/\/alcobaca-caldas2024.aic-iac.org\/wp-content\/uploads\/sites\/7\/2024\/03\/CMB_201500313_121698.jpg\" alt=\"\" width=\"1536\" height=\"1024\" \/><\/td>\r\n<\/tr>\r\n<tr>\r\n<td style=\"width: 50%; background-color: #ffde88;\" colspan=\"2\">\r\n<h3>\u00a0<\/h3>\r\n<h3>Planning your trip<\/h3>\r\n<p>In this section, you'll find all you need to know to book your flights, reserve a hotel room, plan your evenings.<\/p>\r\n<\/td>\r\n<\/tr>\r\n<tr>\r\n<td>\u00a0<\/td>\r\n<td>\u00a0<\/td>\r\n<\/tr>\r\n<\/tbody>\r\n<\/table>\r\n<p><iframe src=\"https:\/\/www.google.com\/maps\/d\/embed?mid=1g-NoUOG-E6CbujS9omb5f6USSx-OI48&amp;ehbc=2E312F\" width=\"640\" height=\"480\"><\/iframe><\/p>","_en_post_name":"planning-your-trip","_en_post_excerpt":"Find details about transportation, accommodation and local attractions.","_en_post_title":"Planning your trip","_fr_post_content":"<table style=\"border-collapse: collapse; width: 100%; height: 89px;\">\r\n<tbody>\r\n<tr>\r\n<td style=\"width: 50%;\" colspan=\"2\"><img class=\"alignnone wp-image-67 size-full\" src=\"http:\/\/alcobaca-caldas2024.aic-iac.org\/wp-content\/uploads\/sites\/7\/2024\/03\/CMB_201500313_121698.jpg\" alt=\"\" width=\"1536\" height=\"1024\" \/><\/td>\r\n<\/tr>\r\n<tr>\r\n<td style=\"width: 50%; background-color: #ffde88;\" colspan=\"2\">\r\n<h3>\u00a0<\/h3>\r\n<h3>Pr\u00e9parer votre voyage<\/h3>\r\n<p>Dans cette section, vous trouverez tout ce qu'il faut savoir pour r\u00e9server un vol, une chambre d'h\u00f4tel ou organiser vos soir\u00e9es.<\/p>\r\n<\/td>\r\n<\/tr>\r\n<tr>\r\n<td>\u00a0<\/td>\r\n<td>\u00a0<\/td>\r\n<\/tr>\r\n<\/tbody>\r\n<\/table>\r\n<p><iframe src=\"https:\/\/www.google.com\/maps\/d\/embed?mid=1g-NoUOG-E6CbujS9omb5f6USSx-OI48&amp;ehbc=2E312F\" width=\"640\" height=\"480\"><\/iframe><\/p>","_fr_post_name":"planning-your-trip","_fr_post_excerpt":"","_fr_post_title":"Pr\u00e9parer votre voyage","_pt_post_content":"<table style=\"border-collapse: collapse; width: 100%; height: 89px;\">\r\n<tbody>\r\n<tr>\r\n<td style=\"width: 50%;\" colspan=\"2\"><img class=\"alignnone wp-image-67 size-full\" src=\"http:\/\/alcobaca-caldas2024.aic-iac.org\/wp-content\/uploads\/sites\/7\/2024\/03\/CMB_201500313_121698.jpg\" alt=\"\" width=\"1536\" height=\"1024\" \/><\/td>\r\n<\/tr>\r\n<tr>\r\n<td style=\"width: 50%; background-color: #ffde88;\" colspan=\"2\">\r\n<h3>\u00a0<\/h3>\r\n<h3>Planeie a sua viagem<\/h3>\r\n<p>Nesta sec\u00e7\u00e3o, encontrar\u00e1 tudo o que precisa saber para marcar os seus voos, reservar o seu quarto de hotel e planear as suas noites.<\/p>\r\n<\/td>\r\n<\/tr>\r\n<tr>\r\n<td>\u00a0<\/td>\r\n<td>\u00a0<\/td>\r\n<\/tr>\r\n<\/tbody>\r\n<\/table>\r\n<p><iframe src=\"https:\/\/www.google.com\/maps\/d\/embed?mid=1g-NoUOG-E6CbujS9omb5f6USSx-OI48&amp;ehbc=2E312F\" width=\"640\" height=\"480\"><\/iframe><\/p>","_pt_post_name":"planeie-a-sua-viagem","_pt_post_excerpt":"","_pt_post_title":"Planeie a sua viagem","edit_language":"pt","footnotes":""},"class_list":["post-119","page","type-page","status-publish","has-post-thumbnail","hentry"],"_links":{"self":[{"href":"https:\/\/alcobaca-caldas2024.aic-iac.org\/pt\/wp-json\/wp\/v2\/pages\/119","targetHints":{"allow":["GET"]}}],"collection":[{"href":"https:\/\/alcobaca-caldas2024.aic-iac.org\/pt\/wp-json\/wp\/v2\/pages"}],"about":[{"href":"https:\/\/alcobaca-caldas2024.aic-iac.org\/pt\/wp-json\/wp\/v2\/types\/page"}],"author":[{"embeddable":true,"href":"https:\/\/alcobaca-caldas2024.aic-iac.org\/pt\/wp-json\/wp\/v2\/users\/2192"}],"replies":[{"embeddable":true,"href":"https:\/\/alcobaca-caldas2024.aic-iac.org\/pt\/wp-json\/wp\/v2\/comments?post=119"}],"version-history":[{"count":14,"href":"https:\/\/alcobaca-caldas2024.aic-iac.org\/pt\/wp-json\/wp\/v2\/pages\/119\/revisions"}],"predecessor-version":[{"id":287,"href":"https:\/\/alcobaca-caldas2024.aic-iac.org\/pt\/wp-json\/wp\/v2\/pages\/119\/revisions\/287"}],"wp:featuredmedia":[{"embeddable":true,"href":"https:\/\/alcobaca-caldas2024.aic-iac.org\/pt\/wp-json\/wp\/v2\/media\/67"}],"wp:attachment":[{"href":"https:\/\/alcobaca-caldas2024.aic-iac.org\/pt\/wp-json\/wp\/v2\/media?parent=119"}],"curies":[{"name":"wp","href":"https:\/\/api.w.org\/{rel}","templated":true}]}}