{"id":157,"date":"2024-04-17T15:28:14","date_gmt":"2024-04-17T13:28:14","guid":{"rendered":"https:\/\/alcobaca-caldas2024.aic-iac.org\/?page_id=157"},"modified":"2024-08-21T10:13:04","modified_gmt":"2024-08-21T08:13:04","slug":"transportation","status":"publish","type":"page","link":"https:\/\/alcobaca-caldas2024.aic-iac.org\/pt\/transportation\/","title":{"rendered":"Transporte","raw":"Transporte"},"content":{"rendered":"<table style=\"border-collapse: collapse; width: 100%; height: 89px;\">\n<tbody>\n<tr>\n<td style=\"width: 50%;\" colspan=\"2\"><img loading=\"lazy\" decoding=\"async\" class=\"alignnone wp-image-169 size-full\" src=\"http:\/\/alcobaca-caldas2024.aic-iac.org\/wp-content\/uploads\/sites\/7\/2024\/04\/pexels-photo-18226350-scaled.jpeg\" alt=\"\" width=\"2560\" height=\"1909\" srcset=\"https:\/\/alcobaca-caldas2024.aic-iac.org\/wp-content\/uploads\/sites\/7\/2024\/04\/pexels-photo-18226350-scaled.jpeg 2560w, https:\/\/alcobaca-caldas2024.aic-iac.org\/wp-content\/uploads\/sites\/7\/2024\/04\/pexels-photo-18226350-300x224.jpeg 300w, https:\/\/alcobaca-caldas2024.aic-iac.org\/wp-content\/uploads\/sites\/7\/2024\/04\/pexels-photo-18226350-1024x764.jpeg 1024w, https:\/\/alcobaca-caldas2024.aic-iac.org\/wp-content\/uploads\/sites\/7\/2024\/04\/pexels-photo-18226350-768x573.jpeg 768w, https:\/\/alcobaca-caldas2024.aic-iac.org\/wp-content\/uploads\/sites\/7\/2024\/04\/pexels-photo-18226350-1536x1146.jpeg 1536w, https:\/\/alcobaca-caldas2024.aic-iac.org\/wp-content\/uploads\/sites\/7\/2024\/04\/pexels-photo-18226350-2048x1528.jpeg 2048w\" sizes=\"auto, (max-width: 2560px) 100vw, 2560px\" \/><\/td>\n<\/tr>\n<tr>\n<td style=\"width: 50%; background-color: #ffde88;\" colspan=\"2\">\n<h3>\u00a0<\/h3>\n<h3>Transporte<\/h3>\n<h3>\u00a0<\/h3>\n<\/td>\n<\/tr>\n<tr>\n<td style=\"width: 50%;\" colspan=\"2\"><span class=\"caption\">*Por favor, tenha em aten\u00e7\u00e3o que a informa\u00e7\u00e3o nesta p\u00e1gina pode estar sujeita a modifica\u00e7\u00f5es.<\/span><\/td>\n<\/tr>\n<tr>\n<td>\u00a0<\/td>\n<td>\u00a0<\/td>\n<\/tr>\n<tr style=\"height: 89px;\">\n<td style=\"width: 50%; height: 89px;\">\n<h3>Aeroporto<\/h3>\n<p>\u00c9 recomendado aos participantes que voem de e para o <span style=\"text-decoration: underline;\"><a href=\"https:\/\/www.lisbonairport.pt\/en\/lis\/home\" target=\"_blank\" rel=\"noopener\">Aeroporto de Lisboa<\/a><\/span> (Aeroporto Humberto Delgado). Este \u00e9 o aeroporto mais pr\u00f3ximo \u00e0s localiza\u00e7\u00f5es do Congresso e a organiza\u00e7\u00e3o ir\u00e1 disponibilizar autocarros shuttles.<\/p>\n<\/td>\n<td style=\"width: 50%; height: 89px;\">\n<h3>Aviso de Viagem<\/h3>\n<p>As restri\u00e7\u00f5es podem variar dependendo do pa\u00eds de onde e para onde se viaja, recomendamos que visite regularmente os seguintes websites para que esteja a par das \u00faltimas atualiza\u00e7\u00f5es:<\/p>\n<ul>\n<li><a href=\"https:\/\/www.traveldoc.aero\/\" target=\"_blank\" rel=\"noopener\">TravelDoc Passenger View \u2013 TravelDoc.Website<\/a><\/li>\n<li><a href=\"https:\/\/eportugal.gov.pt\/en-GB\/cidadaos-europeus-viajar-viver-e-fazer-negocios-em-portugal\/viajar-para-portugal\" target=\"_blank\" rel=\"noopener\">Travelling to Portugal &#8211; Portuguese Government Website<\/a><\/li>\n<\/ul>\n<\/td>\n<\/tr>\n<tr>\n<td>\u00a0<\/td>\n<td>\u00a0<\/td>\n<\/tr>\n<tr>\n<td>\n<h3>Transporte<\/h3>\n<\/td>\n<td>\u00a0<\/td>\n<\/tr>\n<tr>\n<td>\n<p>Ser\u00e3o organizados autocarros shuttles do Aeroporto de Lisboa para Caldas da Rainha.<\/p>\n<p>Hor\u00e1rio de recolha: Domingo, 15 de setembro, 12:00, 15:00 (3 PM) e 18:00 (6 PM)*<br \/>Regresso: S\u00e1bado, 21 de setembro, 12:00, 15:00 (3 PM) e 18:00 (6PM)*<\/p>\n<p>Por favor, seleccione o seu transfer preferido diretamente na sua conta de inscri\u00e7\u00e3o (na plataforma de inscri\u00e7\u00e3o).<\/p>\n<p>*Se a sua hora de chegada\/partida n\u00e3o coincidir com o hor\u00e1rio do transfer, contacte o Secretariado do Congresso.<\/p>\n<\/td>\n<td>\n<p>Para participantes que cheguem fora do hor\u00e1rio dos shuttles, oferecemos duas recomenda\u00e7\u00f5es:<\/p>\n<p>1) A cidade de Lisboa tem um acesso f\u00e1cil a partir do aeroporto. Se tiver apenas 1h ou 2h de espera at\u00e9 ao pr\u00f3ximo shuttle programado, sugerimos que d\u00ea um passeio pelas belas ruas de cal\u00e7ada da capital.<\/p>\n<p>2) Caso chegue num dia completamente diferente, pode apanhar o autocarro, da Rede Expressos, de Lisboa (em Sete Rios) para Caldas da Rainha (demora cerca de uma hora). Bilhetes e hor\u00e1rios dispon\u00edveis <span style=\"text-decoration: underline;\"><a href=\"https:\/\/rede-expressos.pt\/pt\" target=\"_blank\" rel=\"noopener\">aqui<\/a><\/span>.<\/p>\n<\/td>\n<\/tr>\n<\/tbody>\n<\/table>\n<p>\u200b<\/p>\n<p>&nbsp;<\/p>\n","protected":false,"raw":"<table style=\"border-collapse: collapse; width: 100%; height: 89px;\">\r\n<tbody>\r\n<tr>\r\n<td style=\"width: 50%;\" colspan=\"2\"><img class=\"alignnone wp-image-169 size-full\" src=\"http:\/\/alcobaca-caldas2024.aic-iac.org\/wp-content\/uploads\/sites\/7\/2024\/04\/pexels-photo-18226350-scaled.jpeg\" alt=\"\" width=\"2560\" height=\"1909\" \/><\/td>\r\n<\/tr>\r\n<tr>\r\n<td style=\"width: 50%; background-color: #ffde88;\" colspan=\"2\">\r\n<h3>\u00a0<\/h3>\r\n<h3>Transporte<\/h3>\r\n<h3>\u00a0<\/h3>\r\n<\/td>\r\n<\/tr>\r\n<tr>\r\n<td style=\"width: 50%;\" colspan=\"2\"><span class=\"caption\">*Por favor, tenha em aten\u00e7\u00e3o que a informa\u00e7\u00e3o nesta p\u00e1gina pode estar sujeita a modifica\u00e7\u00f5es.<\/span><\/td>\r\n<\/tr>\r\n<tr>\r\n<td>\u00a0<\/td>\r\n<td>\u00a0<\/td>\r\n<\/tr>\r\n<tr style=\"height: 89px;\">\r\n<td style=\"width: 50%; height: 89px;\">\r\n<h3>Aeroporto<\/h3>\r\n<p>\u00c9 recomendado aos participantes que voem de e para o <span style=\"text-decoration: underline;\"><a href=\"https:\/\/www.lisbonairport.pt\/en\/lis\/home\" target=\"_blank\" rel=\"noopener\">Aeroporto de Lisboa<\/a><\/span> (Aeroporto Humberto Delgado). Este \u00e9 o aeroporto mais pr\u00f3ximo \u00e0s localiza\u00e7\u00f5es do Congresso e a organiza\u00e7\u00e3o ir\u00e1 disponibilizar autocarros shuttles.<\/p>\r\n<\/td>\r\n<td style=\"width: 50%; height: 89px;\">\r\n<h3>Aviso de Viagem<\/h3>\r\n<p>As restri\u00e7\u00f5es podem variar dependendo do pa\u00eds de onde e para onde se viaja, recomendamos que visite regularmente os seguintes websites para que esteja a par das \u00faltimas atualiza\u00e7\u00f5es:<\/p>\r\n<ul>\r\n<li><a href=\"https:\/\/www.traveldoc.aero\/\" target=\"_blank\" rel=\"noopener\">TravelDoc Passenger View \u2013 TravelDoc.Website<\/a><\/li>\r\n<li><a href=\"https:\/\/eportugal.gov.pt\/en-GB\/cidadaos-europeus-viajar-viver-e-fazer-negocios-em-portugal\/viajar-para-portugal\" target=\"_blank\" rel=\"noopener\">Travelling to Portugal - Portuguese Government Website<\/a><\/li>\r\n<\/ul>\r\n<\/td>\r\n<\/tr>\r\n<tr>\r\n<td>\u00a0<\/td>\r\n<td>\u00a0<\/td>\r\n<\/tr>\r\n<tr>\r\n<td>\r\n<h3>Transporte<\/h3>\r\n<\/td>\r\n<td>\u00a0<\/td>\r\n<\/tr>\r\n<tr>\r\n<td>\r\n<p>Ser\u00e3o organizados autocarros shuttles do Aeroporto de Lisboa para Caldas da Rainha.<\/p>\r\n<p>Hor\u00e1rio de recolha: Domingo, 15 de setembro, 12:00, 15:00 (3 PM) e 18:00 (6 PM)*<br \/>Regresso: S\u00e1bado, 21 de setembro, 12:00, 15:00 (3 PM) e 18:00 (6PM)*<\/p>\r\n<p>Por favor, seleccione o seu transfer preferido diretamente na sua conta de inscri\u00e7\u00e3o (na plataforma de inscri\u00e7\u00e3o).<\/p>\r\n<p>*Se a sua hora de chegada\/partida n\u00e3o coincidir com o hor\u00e1rio do transfer, contacte o Secretariado do Congresso.<\/p>\r\n<\/td>\r\n<td>\r\n<p>Para participantes que cheguem fora do hor\u00e1rio dos shuttles, oferecemos duas recomenda\u00e7\u00f5es:<\/p>\r\n<p>1) A cidade de Lisboa tem um acesso f\u00e1cil a partir do aeroporto. Se tiver apenas 1h ou 2h de espera at\u00e9 ao pr\u00f3ximo shuttle programado, sugerimos que d\u00ea um passeio pelas belas ruas de cal\u00e7ada da capital.<\/p>\r\n<p>2) Caso chegue num dia completamente diferente, pode apanhar o autocarro, da Rede Expressos, de Lisboa (em Sete Rios) para Caldas da Rainha (demora cerca de uma hora). Bilhetes e hor\u00e1rios dispon\u00edveis <span style=\"text-decoration: underline;\"><a href=\"https:\/\/rede-expressos.pt\/pt\" target=\"_blank\" rel=\"noopener\">aqui<\/a><\/span>.<\/p>\r\n<\/td>\r\n<\/tr>\r\n<\/tbody>\r\n<\/table>\r\n<p>\u200b<\/p>\r\n<p>&nbsp;<\/p>"},"excerpt":{"rendered":"","protected":false,"raw":""},"author":2192,"featured_media":169,"parent":0,"menu_order":0,"comment_status":"closed","ping_status":"closed","template":"","meta":{"_en_post_content":"<table style=\"border-collapse: collapse; width: 100%; height: 89px;\">\r\n<tbody>\r\n<tr>\r\n<td style=\"width: 50%;\" colspan=\"2\"><img class=\"alignnone wp-image-169 size-full\" src=\"http:\/\/alcobaca-caldas2024.aic-iac.org\/wp-content\/uploads\/sites\/7\/2024\/04\/pexels-photo-18226350-scaled.jpeg\" alt=\"\" width=\"2560\" height=\"1909\" \/><\/td>\r\n<\/tr>\r\n<tr>\r\n<td style=\"width: 50%; background-color: #ffde88;\" colspan=\"2\">\r\n<h3>\u00a0<\/h3>\r\n<h3>Transportation<\/h3>\r\n<h3>\u00a0<\/h3>\r\n<\/td>\r\n<\/tr>\r\n<tr>\r\n<td style=\"width: 50%;\" colspan=\"2\"><span class=\"caption\">* Please note that the information on this page may be subject to modifications.<\/span><\/td>\r\n<\/tr>\r\n<tr>\r\n<td>\u00a0<\/td>\r\n<td>\u00a0<\/td>\r\n<\/tr>\r\n<tr style=\"height: 89px;\">\r\n<td style=\"width: 50%; height: 89px;\">\r\n<h3>Airport<\/h3>\r\n<p>It is recommended for participants to fly in and out of <a href=\"https:\/\/www.lisbonairport.pt\/en\/lis\/home\" target=\"_blank\" rel=\"noopener\">Lisbon Airport<\/a>. This is the closest airport to the Congress locations and shuttle buses will be organised from here.<\/p>\r\n<\/td>\r\n<td style=\"width: 50%; height: 89px;\">\r\n<h3>Travel notice<\/h3>\r\n<p>As restrictions may vary depending on the country you are travelling from and to, we recommend to regularly visit the following websites to ensure you are aware of the latest updates.<\/p>\r\n<ul>\r\n<li><a href=\"https:\/\/www.traveldoc.aero\/\" target=\"_blank\" rel=\"noopener\">TravelDoc Passenger View \u2013 TravelDoc.Website<\/a><\/li>\r\n<li><a href=\"https:\/\/eportugal.gov.pt\/en-GB\/cidadaos-europeus-viajar-viver-e-fazer-negocios-em-portugal\/viajar-para-portugal\" target=\"_blank\" rel=\"noopener\">Travelling to Portugal - Portuguese Government Website<\/a><\/li>\r\n<\/ul>\r\n<\/td>\r\n<\/tr>\r\n<tr>\r\n<td>\u00a0<\/td>\r\n<td>\u00a0<\/td>\r\n<\/tr>\r\n<tr>\r\n<td>\r\n<h3>Transportation<\/h3>\r\n<\/td>\r\n<td>\u00a0<\/td>\r\n<\/tr>\r\n<tr>\r\n<td>\r\n<p>Shuttle buses will be organised from Lisbon Airport to Caldas da Rainha.<\/p>\r\n<p><span style=\"text-decoration: underline;\">Pick-up<\/span>: Sunday 15 September at 12:00, 15:00 (3 PM) and 18:00 (6 PM)*<br \/><span style=\"text-decoration: underline;\">Return<\/span>: Saturday 21 September at 12:00, 15:00 (3 PM) and 18:00 (6PM)*<\/p>\r\n<p>Please select your preferred transfer directly in your registration account (on the registration platform).<\/p>\r\n<p>*Should your arrival\/departure time be outside of this transfer schedule, please contact the Congress Secretariat.<\/p>\r\n<\/td>\r\n<td>\r\n<p>For participants who arrive outside of scheduled shuttle windows, we offer two recommendations:<\/p>\r\n<p>1) The city of Lisbon is very easily accessible from the airport. Should you only have an hour or two to wait before the next scheduled shuttle, we suggest taking a walk through Lisbon's beautiful cobblestone streets.<\/p>\r\n<p>2) Should you be arriving on an entirely different day, you can take a bus from Lisbon to Caldas da Rainha (takes ca. 1 hour).<\/p>\r\n<ul>\r\n<li>Rete Express: Lisbon (Sete Rios) to Caldas da Rainha. Tickets <a href=\"https:\/\/rede-expressos.pt\/pt\" target=\"_blank\" rel=\"noopener\"><span style=\"text-decoration: underline;\">HERE<\/span><\/a>.<\/li>\r\n<li>Flixbus: Lisbon Airport to Caldas da Rainha. Tickets <span style=\"text-decoration: underline;\"><a href=\"https:\/\/global.flixbus.com\/\" target=\"_blank\" rel=\"noopener\">HERE<\/a><\/span>.<\/li>\r\n<\/ul>\r\n<\/td>\r\n<\/tr>\r\n<\/tbody>\r\n<\/table>\r\n<p>\u200b<\/p>\r\n<p>&nbsp;<\/p>","_en_post_name":"transportation","_en_post_excerpt":"How to reach the Congress location.","_en_post_title":"Transportation","_fr_post_content":"<table style=\"border-collapse: collapse; width: 100%; height: 89px;\">\r\n<tbody>\r\n<tr>\r\n<td style=\"width: 50%;\" colspan=\"2\"><img class=\"alignnone wp-image-169 size-full\" src=\"http:\/\/alcobaca-caldas2024.aic-iac.org\/wp-content\/uploads\/sites\/7\/2024\/04\/pexels-photo-18226350-scaled.jpeg\" alt=\"\" width=\"2560\" height=\"1909\" \/><\/td>\r\n<\/tr>\r\n<tr>\r\n<td style=\"width: 50%; background-color: #ffde88;\" colspan=\"2\">\r\n<h3>\u00a0<\/h3>\r\n<h3>Transport<\/h3>\r\n<h3>\u00a0<\/h3>\r\n<\/td>\r\n<\/tr>\r\n<tr>\r\n<td style=\"width: 50%;\" colspan=\"2\"><span class=\"caption\"> * Veuillez s\u2019il vous pla\u00eet noter que l\u2019information sur cette page est susceptible d\u2019\u00eatre modifi\u00e9e.<\/span><\/td>\r\n<\/tr>\r\n<tr>\r\n<td>\u00a0<\/td>\r\n<td>\u00a0<\/td>\r\n<\/tr>\r\n<tr style=\"height: 89px;\">\r\n<td style=\"width: 50%; height: 89px;\">\r\n<h3>A\u00e9roport<\/h3>\r\n<p>Il est recommand\u00e9 aux participant\u00b7e\u00b7s d'atterrir et de d\u00e9coller de <span style=\"text-decoration: underline;\"><a href=\"https:\/\/www.lisbonairport.pt\/en\/lis\/home\" target=\"_blank\" rel=\"noopener\">l'a\u00e9roport de Lisbonne<\/a><\/span>. Il s'agit de l'a\u00e9roport le plus proche des lieux du Congr\u00e8s et des navettes seront organis\u00e9es \u00e0 partir de cet a\u00e9roport.<\/p>\r\n<\/td>\r\n<td style=\"width: 50%; height: 89px;\">\r\n<h3>Avis de voyage<\/h3>\r\n<p>Les restrictions pouvant varier en fonction du pays de d\u00e9part et d'arriv\u00e9e, nous vous recommandons de consulter r\u00e9guli\u00e8rement les sites web suivants afin de vous tenir au courant des derni\u00e8res nouveaut\u00e9s.<\/p>\r\n<ul>\r\n<li><a href=\"https:\/\/www.traveldoc.aero\/\" target=\"_blank\" rel=\"noopener\">TravelDoc Passenger View \u2013 Site web TravelDoc<\/a><\/li>\r\n<li><a href=\"https:\/\/eportugal.gov.pt\/en-GB\/cidadaos-europeus-viajar-viver-e-fazer-negocios-em-portugal\/viajar-para-portugal\" target=\"_blank\" rel=\"noopener\">Voyager au Portugal - Site du gouvernement portugais<\/a><\/li>\r\n<\/ul>\r\n<\/td>\r\n<\/tr>\r\n<tr>\r\n<td>\u00a0<\/td>\r\n<td>\u00a0<\/td>\r\n<\/tr>\r\n<tr>\r\n<td>\r\n<h3>Transport<\/h3>\r\n<\/td>\r\n<td>\u00a0<\/td>\r\n<\/tr>\r\n<tr>\r\n<td>\r\n<p>Des navettes sont organis\u00e9es entre l'a\u00e9roport de Lisbonne et Caldas da Rainha.<\/p>\r\n<p><span style=\"text-decoration: underline;\">D\u00e9part<\/span> : Dimanche 15 septembre \u00e0 12h00, 15h00 et 18h00*<br \/><span style=\"text-decoration: underline;\">Retour<\/span> : Samedi 21 septembre \u00e0 12h00, 15h00 et 18h00*<\/p>\r\n<p>Veuillez s\u00e9lectionner votre transfert depuis votre compte d'inscription (sur la plateforme d'inscription).<\/p>\r\n<p>*Si votre heure d'arriv\u00e9e\/de d\u00e9part tombe en dehors de ces horaires, veuillez contacter le Secr\u00e9tariat du Congr\u00e8s.<\/p>\r\n<\/td>\r\n<td>\r\n<p>Pour les participant\u00b7e\u00b7s qui arrivent en dehors des horaires pr\u00e9vus pour les navettes, nous recommandons deux options :<\/p>\r\n<p>1) La ville de Lisbonne est tr\u00e8s facilement accessible depuis l'a\u00e9roport. Si vous n'avez qu'une heure ou deux \u00e0 attendre avant la prochaine navette pr\u00e9vue, nous vous sugg\u00e9rons de vous promener dans les magnifiques rues pav\u00e9es de Lisbonne.<\/p>\r\n<p>2) Si vous arrivez un autre jour, vous pouvez prendre un bus de Lisbonne \u00e0 Caldas da Rainha (environ 1 heure).<\/p>\r\n<ul>\r\n<li>Rete Express: Lisbonne (Sete Rios) \u00e0 Caldas da Rainha. Billet <span style=\"text-decoration: underline;\"><a href=\"https:\/\/rede-expressos.pt\/pt\" target=\"_blank\" rel=\"noopener\">ICI<\/a><\/span>.<\/li>\r\n<li>Flixbus: Lisbonne A\u00e9roport \u00e0 Caldas da Rainha. Billet <span style=\"text-decoration: underline;\"><a href=\"https:\/\/global.flixbus.com\/\">ICI<\/a><\/span>.<\/li>\r\n<\/ul>\r\n<\/td>\r\n<\/tr>\r\n<\/tbody>\r\n<\/table>\r\n<p>\u200b<\/p>\r\n<p>&nbsp;<\/p>","_fr_post_name":"transport","_fr_post_excerpt":"Comment acc\u00e9der au lieu du Congr\u00e8s.","_fr_post_title":"Transport","_pt_post_content":"<table style=\"border-collapse: collapse; width: 100%; height: 89px;\">\r\n<tbody>\r\n<tr>\r\n<td style=\"width: 50%;\" colspan=\"2\"><img class=\"alignnone wp-image-169 size-full\" src=\"http:\/\/alcobaca-caldas2024.aic-iac.org\/wp-content\/uploads\/sites\/7\/2024\/04\/pexels-photo-18226350-scaled.jpeg\" alt=\"\" width=\"2560\" height=\"1909\" \/><\/td>\r\n<\/tr>\r\n<tr>\r\n<td style=\"width: 50%; background-color: #ffde88;\" colspan=\"2\">\r\n<h3>\u00a0<\/h3>\r\n<h3>Transporte<\/h3>\r\n<h3>\u00a0<\/h3>\r\n<\/td>\r\n<\/tr>\r\n<tr>\r\n<td style=\"width: 50%;\" colspan=\"2\"><span class=\"caption\">*Por favor, tenha em aten\u00e7\u00e3o que a informa\u00e7\u00e3o nesta p\u00e1gina pode estar sujeita a modifica\u00e7\u00f5es.<\/span><\/td>\r\n<\/tr>\r\n<tr>\r\n<td>\u00a0<\/td>\r\n<td>\u00a0<\/td>\r\n<\/tr>\r\n<tr style=\"height: 89px;\">\r\n<td style=\"width: 50%; height: 89px;\">\r\n<h3>Aeroporto<\/h3>\r\n<p>\u00c9 recomendado aos participantes que voem de e para o <span style=\"text-decoration: underline;\"><a href=\"https:\/\/www.lisbonairport.pt\/en\/lis\/home\" target=\"_blank\" rel=\"noopener\">Aeroporto de Lisboa<\/a><\/span> (Aeroporto Humberto Delgado). Este \u00e9 o aeroporto mais pr\u00f3ximo \u00e0s localiza\u00e7\u00f5es do Congresso e a organiza\u00e7\u00e3o ir\u00e1 disponibilizar autocarros shuttles.<\/p>\r\n<\/td>\r\n<td style=\"width: 50%; height: 89px;\">\r\n<h3>Aviso de Viagem<\/h3>\r\n<p>As restri\u00e7\u00f5es podem variar dependendo do pa\u00eds de onde e para onde se viaja, recomendamos que visite regularmente os seguintes websites para que esteja a par das \u00faltimas atualiza\u00e7\u00f5es:<\/p>\r\n<ul>\r\n<li><a href=\"https:\/\/www.traveldoc.aero\/\" target=\"_blank\" rel=\"noopener\">TravelDoc Passenger View \u2013 TravelDoc.Website<\/a><\/li>\r\n<li><a href=\"https:\/\/eportugal.gov.pt\/en-GB\/cidadaos-europeus-viajar-viver-e-fazer-negocios-em-portugal\/viajar-para-portugal\" target=\"_blank\" rel=\"noopener\">Travelling to Portugal - Portuguese Government Website<\/a><\/li>\r\n<\/ul>\r\n<\/td>\r\n<\/tr>\r\n<tr>\r\n<td>\u00a0<\/td>\r\n<td>\u00a0<\/td>\r\n<\/tr>\r\n<tr>\r\n<td>\r\n<h3>Transporte<\/h3>\r\n<\/td>\r\n<td>\u00a0<\/td>\r\n<\/tr>\r\n<tr>\r\n<td>\r\n<p>Ser\u00e3o organizados autocarros shuttles do Aeroporto de Lisboa para Caldas da Rainha.<\/p>\r\n<p>Hor\u00e1rio de recolha: Domingo, 15 de setembro, 12:00, 15:00 (3 PM) e 18:00 (6 PM)*<br \/>Regresso: S\u00e1bado, 21 de setembro, 12:00, 15:00 (3 PM) e 18:00 (6PM)*<\/p>\r\n<p>Por favor, seleccione o seu transfer preferido diretamente na sua conta de inscri\u00e7\u00e3o (na plataforma de inscri\u00e7\u00e3o).<\/p>\r\n<p>*Se a sua hora de chegada\/partida n\u00e3o coincidir com o hor\u00e1rio do transfer, contacte o Secretariado do Congresso.<\/p>\r\n<\/td>\r\n<td>\r\n<p>Para participantes que cheguem fora do hor\u00e1rio dos shuttles, oferecemos duas recomenda\u00e7\u00f5es:<\/p>\r\n<p>1) A cidade de Lisboa tem um acesso f\u00e1cil a partir do aeroporto. Se tiver apenas 1h ou 2h de espera at\u00e9 ao pr\u00f3ximo shuttle programado, sugerimos que d\u00ea um passeio pelas belas ruas de cal\u00e7ada da capital.<\/p>\r\n<p>2) Caso chegue num dia completamente diferente, pode apanhar o autocarro, da Rede Expressos, de Lisboa (em Sete Rios) para Caldas da Rainha (demora cerca de uma hora). Bilhetes e hor\u00e1rios dispon\u00edveis <span style=\"text-decoration: underline;\"><a href=\"https:\/\/rede-expressos.pt\/pt\" target=\"_blank\" rel=\"noopener\">aqui<\/a><\/span>.<\/p>\r\n<\/td>\r\n<\/tr>\r\n<\/tbody>\r\n<\/table>\r\n<p>\u200b<\/p>\r\n<p>&nbsp;<\/p>","_pt_post_name":"transportation","_pt_post_excerpt":"","_pt_post_title":"Transporte","edit_language":"pt","footnotes":""},"class_list":["post-157","page","type-page","status-publish","has-post-thumbnail","hentry"],"_links":{"self":[{"href":"https:\/\/alcobaca-caldas2024.aic-iac.org\/pt\/wp-json\/wp\/v2\/pages\/157","targetHints":{"allow":["GET"]}}],"collection":[{"href":"https:\/\/alcobaca-caldas2024.aic-iac.org\/pt\/wp-json\/wp\/v2\/pages"}],"about":[{"href":"https:\/\/alcobaca-caldas2024.aic-iac.org\/pt\/wp-json\/wp\/v2\/types\/page"}],"author":[{"embeddable":true,"href":"https:\/\/alcobaca-caldas2024.aic-iac.org\/pt\/wp-json\/wp\/v2\/users\/2192"}],"replies":[{"embeddable":true,"href":"https:\/\/alcobaca-caldas2024.aic-iac.org\/pt\/wp-json\/wp\/v2\/comments?post=157"}],"version-history":[{"count":16,"href":"https:\/\/alcobaca-caldas2024.aic-iac.org\/pt\/wp-json\/wp\/v2\/pages\/157\/revisions"}],"predecessor-version":[{"id":822,"href":"https:\/\/alcobaca-caldas2024.aic-iac.org\/pt\/wp-json\/wp\/v2\/pages\/157\/revisions\/822"}],"wp:featuredmedia":[{"embeddable":true,"href":"https:\/\/alcobaca-caldas2024.aic-iac.org\/pt\/wp-json\/wp\/v2\/media\/169"}],"wp:attachment":[{"href":"https:\/\/alcobaca-caldas2024.aic-iac.org\/pt\/wp-json\/wp\/v2\/media?parent=157"}],"curies":[{"name":"wp","href":"https:\/\/api.w.org\/{rel}","templated":true}]}}