{"id":578,"date":"2024-08-15T15:02:17","date_gmt":"2024-08-15T13:02:17","guid":{"rendered":"https:\/\/alcobaca-caldas2024.aic-iac.org\/?page_id=578"},"modified":"2026-04-17T10:40:52","modified_gmt":"2026-04-17T08:40:52","slug":"congress-exhibitions","status":"publish","type":"page","link":"https:\/\/alcobaca-caldas2024.aic-iac.org\/pt\/congress-exhibitions\/","title":{"rendered":"","raw":""},"content":{"rendered":"","protected":false,"raw":""},"excerpt":{"rendered":"","protected":false,"raw":""},"author":2192,"featured_media":1003,"parent":0,"menu_order":0,"comment_status":"closed","ping_status":"closed","template":"","meta":{"_en_post_content":"<table>\r\n<tbody>\r\n<tr>\r\n<td style=\"width: 614px;\" colspan=\"2\">\r\n[caption id=\"attachment_1003\" align=\"alignnone\" width=\"2560\"]<img class=\"wp-image-1003 size-full\" src=\"http:\/\/alcobaca-caldas2024.aic-iac.org\/wp-content\/uploads\/sites\/7\/2024\/09\/IMG-20240821-WA0215-scaled.jpg\" alt=\"\" width=\"2560\" height=\"1706\" \/> Armaz\u00e9m das Artes, Alcoba\u00e7a[\/caption]\r\n<\/td>\r\n<\/tr>\r\n<tr>\r\n<td style=\"width: 612px; background-color: #ffde88;\" colspan=\"2\">\r\n<h3>\u00a0<\/h3>\r\n<h3>Congress Exhibitions<\/h3>\r\n<p>&nbsp;<\/p>\r\n<p>The Scientific Committee is pleased to present a number of IAC member exhibitions within the framework of the 2024 IAC Congress, celebrating the creative ceramic traditions of Portugal, the Mediterranean and beyond.<\/p>\r\n<\/td>\r\n<\/tr>\r\n<tr>\r\n<td style=\"width: 614px;\" colspan=\"2\"><span class=\"caption\">* Please note that the information on this page is subject to modifications and updates.<\/span><\/td>\r\n<\/tr>\r\n<tr>\r\n<td style=\"width: 614px;\" colspan=\"2\">\u00a0<\/td>\r\n<\/tr>\r\n<tr>\r\n<td colspan=\"2\">\r\n<h3>IAC MEMBERS' EXHIBITION: MEDITERRANEAN CERAMICS AND THEIR GLOBAL INFLUENCE<\/h3>\r\n<\/td>\r\n<\/tr>\r\n<tr>\r\n<td>\r\n<p>| 16.09.2024 - 02.03.2025 |<\/p>\r\n<p><strong>EXTENDED UNTIL 2 MARCH 2025!<\/strong><\/p>\r\n<p>Opening: 16.09.2024<\/p>\r\n<p>Curators: Alberto Guerreiro, Jos\u00e9 Antunes<\/p>\r\n<p>Given its geostrategic importance, the Mediterranean has been the stage for countless historical events, many of them inseparable from the cultural progress of humanity, producing an impact that extends well beyond its territorial dimension - Portugal being a case in point - establishing itself as one of the most influential cultures in the world.<\/p>\r\n<p>This exhibition reveals precisely how this influence can be established in the artistic universe of contemporary ceramics. Based on a competition organized by the International Academy of Ceramics (IAC) and aimed at all of its members, forty-four (45) artists from twenty-six (26) countries were selected, and their work clearly demonstrates the inspirational power of the ancient culture of the Mediterranean.<\/p>\r\n<p>The exhibition is a rare opportunity to come into contact with a multifaceted set of works of great artistic quality in terms of what is being produced today in the field of international designer ceramics, expressed either by following the artistic tradition and techniques of antiquity, or through innovation, using renewed techniques reporting current socio-cultural or geopolitical themes inherent in the context of the Mediterranean or the world in which we live, such as forced migration, climate change or the timeless theme of the \u2018conflict\u2019 of cultures.<\/p>\r\n<p>Featuring the artwork of Arina Ailincai, Yoshinori Akazawa, Ali Alawadh, Shanyar Algarad, Montserrat Altet Girbau, Kay Aplin, Mahmoud Baghaeian, Andrea Barker, Orlando Basulto, Jenny Beavan, Ute Kathrin Beck, Andrew Burton, Jovana \u010cavoriv\u0107, Ray Chen, Lisa Creskey, Gao Daqing, Vassos Demetriou, Karima Duchamp, Elizabeth Dychter, Narges Faharani, Lynn Frydman Kuhn, Shamai Gibsh, France Goneau, Wen-Hsi Harman, Jen-daw Hwang, Alejandra Jones, Maria Joanna Juchnowska, Phyllis Kudder Sullivan, Young Min Lee, Jordi Marcet &amp; Rosa Vila-Abadal, Carlos Mart\u00ednez Garc\u00eda, Heide Nonnenmacher, Carlos Prado, Karin Putsch-Grassi, Lana Rakanovic, Shoji Satake, Valentina Savic, Adel Souki, Kala Stein, Hongyu Tan, Annika Teder, Judit Varga, Velimir Vukicevic, Fabienne Withofs and Adil Writer.<\/p>\r\n<\/td>\r\n<td>\r\n<p><img class=\"alignnone wp-image-927 size-full\" src=\"http:\/\/alcobaca-caldas2024.aic-iac.org\/wp-content\/uploads\/sites\/7\/2024\/09\/WhatsApp-Image-2024-09-02-at-23.40.40.jpeg\" alt=\"\" width=\"367\" height=\"1280\" \/><\/p>\r\n<p><em>Armaz\u00e9m das Artes<\/em><br \/><em>R. Eng. Duarte Pacheco 38<\/em><br \/><em>Alcoba\u00e7a<\/em><br \/><em>PORTUGAL<\/em><\/p>\r\n<p><em>Thur - Fri 2pm - 5pm<\/em><br \/><em>Sat - Sun 10am - 12:30pm, 2pm - 6pm<\/em><\/p>\r\n<p><span style=\"text-decoration: underline;\"><a href=\"https:\/\/www.instagram.com\/armazem_das_artes_alcobaca\/\" target=\"_blank\" rel=\"noopener\"><em>Website<\/em><\/a><br \/><\/span><a href=\"http:\/\/alcobaca-caldas2024.aic-iac.org\/wp-content\/uploads\/sites\/7\/2024\/10\/IAC-Mediterranean-Ceramics-exhibition_catalogo-exposicao_ALC_digital_spreads_AF.pdf\"><span style=\"text-decoration: underline;\"><em>Catalogue<\/em><\/span><\/a><\/p>\r\n<\/td>\r\n<\/tr>\r\n<tr>\r\n<td colspan=\"2\">\r\n<h3>IAC MEMBERS' EXHIBITION: CONTEMPORARY PORTUGUESE CERAMICS<\/h3>\r\n<\/td>\r\n<\/tr>\r\n<tr>\r\n<td>\r\n<p>| 17.09.2024 - 30.11.2024 |<\/p>\r\n<p>Opening: 17.09.2024<\/p>\r\n<p>Curators: Jos\u00e9 Antunes, Alberto Guerreiro<\/p>\r\n<p>The great ceramic tradition and culture that exists in Portugal is expressed in very diverse forms and expressions. The eight Portuguese members of the IAC, while not exhausting the diversity of proposals that exist in Portugal, certainly make up a very representative picture of the panorama of contemporary Portuguese ceramics.<\/p>\r\n<p>Featuring the artwork of Sofia Be\u00e7a, Jo\u00e3o Carqueijeiro, Ana Cruz, Carlos Enxuto, Heitor Figueiredo, Stela Ivanova, Xana Monteiro and Yola Vale.<\/p>\r\n<\/td>\r\n<td>\r\n<p><em>Caldas da Rainha Congress and Cultural Centre<\/em><br \/><em>R. Dr. Leonel Sotto Mayor 23D<\/em><br \/><em>2500-227 Caldas da Rainha<\/em><br \/><em>PORTUGAL<\/em><\/p>\r\n<p><em>Thur - Fri 10am - 9pm<\/em><br \/><em>Sat - Tues 10am - 6pm<\/em><\/p>\r\n<p><span style=\"text-decoration: underline;\"><a href=\"https:\/\/www.ccc.com.pt\/\" target=\"_blank\" rel=\"noopener\"><em>Website<\/em><\/a><br \/><a href=\"http:\/\/alcobaca-caldas2024.aic-iac.org\/wp-content\/uploads\/sites\/7\/2024\/10\/catalogo-exposicao_CR_web_spreads_AF.pdf\"><em>Catalogue<\/em><\/a><\/span><\/p>\r\n<\/td>\r\n<\/tr>\r\n<tr>\r\n<td style=\"width: 614px;\" colspan=\"2\">\r\n<h3>IAC MEMBERS' EXHIBITION: AZULEJOS<\/h3>\r\n<\/td>\r\n<\/tr>\r\n<tr>\r\n<td>\r\n<p>| 17.09.2024 - 20.09.2024 |<\/p>\r\n<p>Organised by the IAC Exhibition Commission, the IAC Members' Exhibition \"Azulejos\" will feature ceramic tiles created by IAC members from around the world, assembled into a mosaic worthy of its name. Featuring the unique tiles from almost 100 IAC members, the exhibition, based on the general theme of the Congress \"Ceramics in the Mediterranean World: From Antiquity to Contemporaneity\", celebrates Mediterranean ceramics by inviting global contributions of tiles inspired by traditional azulejos.<\/p>\r\n<\/td>\r\n<td>\r\n<p><em>Caldas da Rainha Congress and Cultural Centre<\/em><br \/><em>R. Dr. Leonel Sotto Mayor 23D<\/em><br \/><em>2500-227 Caldas da Rainha<\/em><br \/><em>PORTUGAL<\/em><\/p>\r\n<p><em>Thur - Fri 10am - 9pm<\/em><br \/><em>Sat - Tues 10am - 6pm<\/em><\/p>\r\n<p><span style=\"text-decoration: underline;\"><a href=\"https:\/\/www.ccc.com.pt\/\" target=\"_blank\" rel=\"noopener\"><em>Website<\/em><\/a><\/span><\/p>\r\n<\/td>\r\n<\/tr>\r\n<tr>\r\n<td><img class=\"alignnone wp-image-793 size-full\" src=\"http:\/\/alcobaca-caldas2024.aic-iac.org\/wp-content\/uploads\/sites\/7\/2024\/08\/CMB_201500313_121552-scaled.jpg\" alt=\"\" width=\"1706\" height=\"2560\" \/><\/td>\r\n<td><img class=\"alignnone wp-image-795 size-full\" src=\"http:\/\/alcobaca-caldas2024.aic-iac.org\/wp-content\/uploads\/sites\/7\/2024\/08\/CMB_201500313_121560-scaled.jpg\" alt=\"\" width=\"1706\" height=\"2560\" \/><\/td>\r\n<\/tr>\r\n<tr>\r\n<td style=\"width: 614px;\" colspan=\"2\">\r\n<h3>IAC BENELUX MEMBERS' EXHIBITION: FUSION OF VISION<\/h3>\r\n<\/td>\r\n<\/tr>\r\n<tr>\r\n<td>\r\n<p>| 17.09.2024 - 20.09.2024 |<\/p>\r\n<p>The Benelux members will showcase 24 ceramic works at the Congress. This exhibition in Portugal acts as a preview for a larger traveling exhibition set to launch in May 2025, where more monumental ceramics will be displayed. The upcoming exhibition has already secured venues in Belgium, Luxembourg, Germany, and the Netherlands, promising to bring a significant presence of Benelux ceramics to an international audience.<\/p>\r\n<p>Featuring the artwork of Caroline Andrin, Paula Bastiaansen, Doris Becker, Marie-Jos\u00e9e Comello, Tjok Dessauvage, Nathalie Doyen, Mieke Everaet, Cecil Kemperink, Marga Knaven, Maria ten Kortenaar, Jean-Claude Legrand, Swanica Ligtenberg, Yves Malfliet, Deirdre McLoughlin, Marieke Pauwels, Ricus Sebes, Piet Stockmans, Jo\u00eblle Swanet, Willy van Bussel, Ellen van der Woude, Anna Van Hoey, Beatrijs van Rheeden, Fabienne Withofs and Patty Wouters.<\/p>\r\n<\/td>\r\n<td>\r\n<p><em>Caldas da Rainha Congress and Cultural Centre<\/em><br \/><em>R. Dr. Leonel Sotto Mayor 23D<\/em><br \/><em>2500-227 Caldas da Rainha<\/em><br \/><em>PORTUGAL<\/em><\/p>\r\n<p><em>Thur - Fri 10am - 9pm<\/em><br \/><em>Sat - Tues 10am - 6pm<\/em><\/p>\r\n<p><span style=\"text-decoration: underline;\"><a href=\"https:\/\/www.ccc.com.pt\/\" target=\"_blank\" rel=\"noopener\"><em>Website<\/em><\/a><\/span><\/p>\r\n<\/td>\r\n<\/tr>\r\n<\/tbody>\r\n<\/table>\r\n<p>\u200b<\/p>","_en_post_name":"congress-exhibitions","_en_post_excerpt":"The 2024 Congress features various national and international IAC members' exhibitions alongside the conferences.","_en_post_title":"Congress Exhibitions","_fr_post_content":"<table>\r\n<tbody>\r\n<tr>\r\n<td style=\"width: 614px;\" colspan=\"2\">\r\n[caption id=\"attachment_1003\" align=\"alignnone\" width=\"2560\"]<img class=\"wp-image-1003 size-full\" src=\"http:\/\/alcobaca-caldas2024.aic-iac.org\/wp-content\/uploads\/sites\/7\/2024\/09\/IMG-20240821-WA0215-scaled.jpg\" alt=\"\" width=\"2560\" height=\"1706\" \/> Armaz\u00e9m das Artes, Alcoba\u00e7a[\/caption]\r\n<\/td>\r\n<\/tr>\r\n<tr>\r\n<td style=\"width: 612px; background-color: #ffde88;\" colspan=\"2\">\r\n<h3>\u00a0<\/h3>\r\n<h3>Expositions du Congr\u00e8s<\/h3>\r\n<p>&nbsp;<\/p>\r\n<p>Le Comit\u00e9 scientifique est heureux de pr\u00e9senter plusieurs expositions des membres AIC dans le cadre du Congr\u00e8s de l'AIC 2024, c\u00e9l\u00e9brant les traditions c\u00e9ramiques cr\u00e9atives du Portugal, de la M\u00e9diterran\u00e9e et au-del\u00e0.<\/p>\r\n<\/td>\r\n<\/tr>\r\n<tr>\r\n<td style=\"width: 614px;\" colspan=\"2\"><span class=\"caption\">* Please note that the information on this page is subject to modifications and updates.<\/span><\/td>\r\n<\/tr>\r\n<tr>\r\n<td style=\"width: 614px;\" colspan=\"2\">\u00a0<\/td>\r\n<\/tr>\r\n<tr>\r\n<td colspan=\"2\">\r\n<h3>EXPOSITION DES MEMBRES AIC : LA C\u00c9RAMIQUE M\u00c9DITERRAN\u00c9NNE ET SON INFLUENCE MONDIALE<\/h3>\r\n<\/td>\r\n<\/tr>\r\n<tr>\r\n<td>\r\n<p>| 16.09.2024 - 02.03.2025|<\/p>\r\n<p><strong>PROLONGATION JUSQU'AU 2 MARS 2025!<\/strong><\/p>\r\n<p>Vernissage : 16.09.2024<\/p>\r\n<p>Commissaires d'exposition : Alberto Guerreiro, Jos\u00e9 Antunes<\/p>\r\n<p>En raison de son importance g\u00e9ostrat\u00e9gique, la M\u00e9diterran\u00e9e a \u00e9t\u00e9 le th\u00e9\u00e2tre d'innombrables \u00e9v\u00e9nements historiques, dont beaucoup sont indissociables du progr\u00e8s culturel de l'humanit\u00e9, produisant un impact qui d\u00e9passe largement sa dimension territoriale - le Portugal en est un exemple - et s'imposant comme l'une des cultures les plus influentes au monde.<br \/>Cette exposition r\u00e9v\u00e8le pr\u00e9cis\u00e9ment comment cette influence peut s'\u00e9tablir dans l'univers artistique de la c\u00e9ramique contemporaine. Sur la base d'un concours organis\u00e9 par l'Acad\u00e9mie internationale de la c\u00e9ramique (AIC) et destin\u00e9 \u00e0 l'ensemble de ses membres, quarante-cinq (45) artistes de vingt-six (26) pays ont \u00e9t\u00e9 s\u00e9lectionn\u00e9s, et leurs \u0153uvres d\u00e9montrent clairement le pouvoir d'inspiration de l'ancienne culture de la M\u00e9diterran\u00e9e.<br \/>L'exposition est une occasion rare d'entrer en contact avec un ensemble d'\u0153uvres aux multiples facettes et d'une grande qualit\u00e9 artistique par rapport \u00e0 ce qui est produit aujourd'hui dans le domaine de la c\u00e9ramique de design international, exprim\u00e9e soit en suivant la tradition artistique et les techniques de l'antiquit\u00e9, soit en innovant, en utilisant des techniques renouvel\u00e9es rapportant des th\u00e8mes socioculturels ou g\u00e9opolitiques actuels inh\u00e9rents au contexte de la M\u00e9diterran\u00e9e ou du monde dans lequel nous vivons, tels que les migrations forc\u00e9es, le changement climatique ou le th\u00e8me intemporel du \u00ab conflit \u00bb des cultures.<\/p>\r\n<p>Pr\u00e9sentant les oeuvres d'Arina Ailincai, Yoshinori Akazawa, Ali Alawadh, Shanyar Algarad, Montserrat Altet Girbau, Kay Aplin, Mahmoud Baghaeian, Andrea Barker, Orlando Basulto, Jenny Beavan, Ute Kathrin Beck, Andrew Burton, Jovana \u010cavoriv\u0107, Ray Chen, Lisa Creskey, Gao Daqing, Vassos Demetriou, Karima Duchamp, Elizabeth Dychter, Narges Faharani, Lynn Frydman Kuhn, Shamai Gibsh, France Goneau, Wen-Hsi Harman, Jen-daw Hwang, Alejandra Jones, Maria Joanna Juchnowska, Phyllis Kudder Sullivan, Young Min Lee, Jordi Marcet &amp; Rosa Vila-Abadal, Carlos Mart\u00ednez Garc\u00eda, Heide Nonnenmacher, Carlos Prado, Karin Putsch-Grassi, Lana Rakanovic, Shoji Satake, Valentina Savic, Adel Souki, Kala Stein, Hongyu Tan, Annika Teder, Judit Varga, Velimir Vukicevic, Fabienne Withofs et Adil Writer.<\/p>\r\n<\/td>\r\n<td>\r\n<p><img class=\"alignnone wp-image-927 size-full\" src=\"http:\/\/alcobaca-caldas2024.aic-iac.org\/wp-content\/uploads\/sites\/7\/2024\/09\/WhatsApp-Image-2024-09-02-at-23.40.40.jpeg\" alt=\"\" width=\"367\" height=\"1280\" \/><\/p>\r\n<p><em>Armaz\u00e9m das Artes<\/em><br \/><em>R. Eng. Duarte Pacheco 38<\/em><br \/><em>Alcoba\u00e7a<\/em><br \/><em>PORTUGAL<\/em><\/p>\r\n<p><em>jeu - ven 14h - 17h<\/em><br \/><em>sam - dim 10h - 12h30, 14h - 18h<\/em><\/p>\r\n<p><span style=\"text-decoration: underline;\"><a href=\"https:\/\/www.instagram.com\/armazem_das_artes_alcobaca\/\" target=\"_blank\" rel=\"noopener\"><em>Site web<\/em><\/a><br \/><a href=\"http:\/\/alcobaca-caldas2024.aic-iac.org\/wp-content\/uploads\/sites\/7\/2024\/10\/IAC-Mediterranean-Ceramics-exhibition_catalogo-exposicao_ALC_digital_spreads_AF.pdf\"><em>Catalogue<\/em><\/a><br \/><\/span><\/p>\r\n<\/td>\r\n<\/tr>\r\n<tr>\r\n<td colspan=\"2\">\r\n<h3>EXPOSITIONS DES MEMBRES AIC : LA C\u00c9RAMIQUE CONTEMPORAINE PORTUGAISE<\/h3>\r\n<\/td>\r\n<\/tr>\r\n<tr>\r\n<td>\r\n<p>| 17.09.2024 - 30.11.2024 |<\/p>\r\n<p>Vernissage : 17.09.2024<\/p>\r\n<p>Commissaires d'exposition : Jos\u00e9 Antunes, Alberto Guerreiro<\/p>\r\n<p>La grande tradition et la culture de la c\u00e9ramique qui existent au Portugal s'expriment sous des formes et des expressions tr\u00e8s diverses. Les huit membres portugais de l'AIC, sans \u00e9puiser la diversit\u00e9 des propositions qui existent au Portugal, constituent certainement une image tr\u00e8s repr\u00e9sentative du panorama de la c\u00e9ramique portugaise contemporaine.<\/p>\r\n<p>Pr\u00e9sentant les \u0153uvres de Sofia Be\u00e7a, Jo\u00e3o Carqueijeiro, Ana Cruz, Carlos Enxuto, Heitor Figueiredo, Stela Ivanova, Xana Monteiro et Yola Vale.<\/p>\r\n<\/td>\r\n<td>\r\n<p><em>Caldas da Rainha Congress and Cultural Centre<\/em><br \/><em>R. Dr. Leonel Sotto Mayor 23D<\/em><br \/><em>2500-227 Caldas da Rainha<\/em><br \/><em>PORTUGAL<\/em><\/p>\r\n<p><em>jeu - ven 10h - 21h<\/em><br \/><em>sam - mar 10h - 18h<\/em><\/p>\r\n<p><span style=\"text-decoration: underline;\"><a href=\"https:\/\/www.ccc.com.pt\/\" target=\"_blank\" rel=\"noopener\"><em>Site web<\/em><\/a><br \/><a href=\"http:\/\/alcobaca-caldas2024.aic-iac.org\/wp-content\/uploads\/sites\/7\/2024\/10\/catalogo-exposicao_CR_web_spreads_AF.pdf\"><em>Catalogue<\/em><\/a><\/span><\/p>\r\n<\/td>\r\n<\/tr>\r\n<tr>\r\n<td style=\"width: 614px;\" colspan=\"2\">\r\n<h3>EXPOSITION DES MEMBRES AIC : AZULEJOS<\/h3>\r\n<\/td>\r\n<\/tr>\r\n<tr>\r\n<td>\r\n<p>| 17.09.2024 - 20.09.2024 |<\/p>\r\n<p>Organis\u00e9e par la Commission des expositions de l'AIC, l'exposition des membres de l'AIC \u00ab Azulejos \u00bb pr\u00e9sentera des carreaux de c\u00e9ramique cr\u00e9\u00e9s par des membres de l'AIC du monde entier, assembl\u00e9s en une mosa\u00efque digne de son nom. Avec les carreaux uniques de pr\u00e8s de 100 membres de l'AIC, l'exposition, bas\u00e9e sur le th\u00e8me g\u00e9n\u00e9ral du Congr\u00e8s \u00ab La c\u00e9ramique dans le monde m\u00e9diterran\u00e9en : De l'antiquit\u00e9 \u00e0 la contemporan\u00e9it\u00e9 \u00bb, c\u00e9l\u00e8bre la c\u00e9ramique m\u00e9diterran\u00e9enne en invitant le monde entier \u00e0 contribuer par des carreaux inspir\u00e9s des azulejos traditionnels.<\/p>\r\n<\/td>\r\n<td>\r\n<p><em>Caldas da Rainha Congress and Cultural Centre<\/em><br \/><em>R. Dr. Leonel Sotto Mayor 23D<\/em><br \/><em>2500-227 Caldas da Rainha<\/em><br \/><em>PORTUGAL<\/em><\/p>\r\n<p><em>jeu - ven 10h - 21h<\/em><br \/><em>sam - mar 10h - 18h<\/em><\/p>\r\n<p><span style=\"text-decoration: underline;\"><a href=\"https:\/\/www.ccc.com.pt\/\" target=\"_blank\" rel=\"noopener\"><em>Site web<\/em><\/a><\/span><\/p>\r\n<\/td>\r\n<\/tr>\r\n<tr>\r\n<td><img class=\"alignnone wp-image-793 size-full\" src=\"http:\/\/alcobaca-caldas2024.aic-iac.org\/wp-content\/uploads\/sites\/7\/2024\/08\/CMB_201500313_121552-scaled.jpg\" alt=\"\" width=\"1706\" height=\"2560\" \/><\/td>\r\n<td><img class=\"alignnone wp-image-795 size-full\" src=\"http:\/\/alcobaca-caldas2024.aic-iac.org\/wp-content\/uploads\/sites\/7\/2024\/08\/CMB_201500313_121560-scaled.jpg\" alt=\"\" width=\"1706\" height=\"2560\" \/><\/td>\r\n<\/tr>\r\n<tr>\r\n<td style=\"width: 614px;\" colspan=\"2\">\r\n<h3>EXPOSITION DES MEMBRES AIC DU BENELUX : FUSION OF VISION<\/h3>\r\n<\/td>\r\n<\/tr>\r\n<tr>\r\n<td>\r\n<p>| 17.09.2024 - 20.09.2024 |<\/p>\r\n<p>Les membres du Benelux pr\u00e9senteront 24 \u0153uvres en c\u00e9ramique lors du congr\u00e8s. Cette exposition au Portugal est un avant-go\u00fbt d'une exposition itin\u00e9rante de plus grande envergure qui sera lanc\u00e9e en mai 2025 et qui pr\u00e9sentera des c\u00e9ramiques plus monumentales. L'exposition \u00e0 venir a d\u00e9j\u00e0 trouv\u00e9 des emplacements en Belgique, au Luxembourg, en Allemagne et aux Pays-Bas, ce qui promet d'apporter une pr\u00e9sence significative de la c\u00e9ramique du Benelux \u00e0 un public international.<\/p>\r\n<p>Pr\u00e9sentant les \u0153uvres de Caroline Andrin, Paula Bastiaansen, Doris Becker, Marie-Jos\u00e9e Comello, Tjok Dessauvage, Nathalie Doyen, Mieke Everaet, Cecil Kemperink, Marga Knaven, Maria ten Kortenaar, Jean-Claude Legrand, Swanica Ligtenberg, Yves Malfliet, Deirdre McLoughlin, Marieke Pauwels, Ricus Sebes, Piet Stockmans, Jo\u00eblle Swanet, Willy van Bussel, Ellen van der Woude, Anna Van Hoey, Beatrijs van Rheeden, Fabienne Withofs et Patty Wouters.<\/p>\r\n<\/td>\r\n<td>\r\n<p><em>Caldas da Rainha Congress and Cultural Centre<\/em><br \/><em>R. Dr. Leonel Sotto Mayor 23D<\/em><br \/><em>2500-227 Caldas da Rainha<\/em><br \/><em>PORTUGAL<\/em><\/p>\r\n<p><em>jeu - ven 10h - 21h<\/em><br \/><em>sam - mar 10h - 18h<\/em><\/p>\r\n<p><span style=\"text-decoration: underline;\"><a href=\"https:\/\/www.ccc.com.pt\/\" target=\"_blank\" rel=\"noopener\"><em>Site web<\/em><\/a><\/span><\/p>\r\n<\/td>\r\n<\/tr>\r\n<\/tbody>\r\n<\/table>\r\n<p>\u200b<\/p>","_fr_post_name":"exhibitions","_fr_post_excerpt":"Le Congr\u00e8s 2024 propose diverses expositions nationales et internationales des membres de l'AIC en marge des conf\u00e9rences.","_fr_post_title":"Expositions du Congr\u00e8s","_pt_post_content":"","_pt_post_name":"congress-exhibitions","_pt_post_excerpt":"","_pt_post_title":"","edit_language":"pt","footnotes":""},"class_list":["post-578","page","type-page","status-publish","has-post-thumbnail","hentry"],"_links":{"self":[{"href":"https:\/\/alcobaca-caldas2024.aic-iac.org\/pt\/wp-json\/wp\/v2\/pages\/578","targetHints":{"allow":["GET"]}}],"collection":[{"href":"https:\/\/alcobaca-caldas2024.aic-iac.org\/pt\/wp-json\/wp\/v2\/pages"}],"about":[{"href":"https:\/\/alcobaca-caldas2024.aic-iac.org\/pt\/wp-json\/wp\/v2\/types\/page"}],"author":[{"embeddable":true,"href":"https:\/\/alcobaca-caldas2024.aic-iac.org\/pt\/wp-json\/wp\/v2\/users\/2192"}],"replies":[{"embeddable":true,"href":"https:\/\/alcobaca-caldas2024.aic-iac.org\/pt\/wp-json\/wp\/v2\/comments?post=578"}],"version-history":[{"count":44,"href":"https:\/\/alcobaca-caldas2024.aic-iac.org\/pt\/wp-json\/wp\/v2\/pages\/578\/revisions"}],"predecessor-version":[{"id":1226,"href":"https:\/\/alcobaca-caldas2024.aic-iac.org\/pt\/wp-json\/wp\/v2\/pages\/578\/revisions\/1226"}],"wp:featuredmedia":[{"embeddable":true,"href":"https:\/\/alcobaca-caldas2024.aic-iac.org\/pt\/wp-json\/wp\/v2\/media\/1003"}],"wp:attachment":[{"href":"https:\/\/alcobaca-caldas2024.aic-iac.org\/pt\/wp-json\/wp\/v2\/media?parent=578"}],"curies":[{"name":"wp","href":"https:\/\/api.w.org\/{rel}","templated":true}]}}